{"id":17117,"date":"2024-07-22T20:44:05","date_gmt":"2024-07-22T20:44:05","guid":{"rendered":"https:\/\/www.sidl-corporation.fr\/?post_type=product&#038;p=17117"},"modified":"2025-09-07T13:16:27","modified_gmt":"2025-09-07T12:16:27","slug":"visual-studio-pro-2022","status":"publish","type":"product","link":"https:\/\/www.sidl-corporation.fr\/en\/shop\/software\/ide\/visual-studio-pro-2022","title":{"rendered":"Visual Studio Pro. 2022"},"content":{"rendered":"<p><strong>Visual Studio Pro 2022<\/strong> est l&#8217;\u00e9dition professionnelle de l&#8217;un des IDE les plus complets et les plus populaires dans le monde du d\u00e9veloppement logiciel. Con\u00e7u pour r\u00e9pondre aux besoins des d\u00e9veloppeurs exp\u00e9riment\u00e9s et des \u00e9quipes de d\u00e9veloppement, cet outil offre une gamme impressionnante de fonctionnalit\u00e9s pour optimiser le processus de cr\u00e9ation de logiciels.<\/p>\n<p>L&#8217;interface utilisateur moderne de <strong>Visual Studio Pro 2022<\/strong> facilite une navigation fluide et une personnalisation avanc\u00e9e, permettant aux d\u00e9veloppeurs de travailler dans un environnement qui correspond \u00e0 leurs pr\u00e9f\u00e9rences et \u00e0 leurs besoins sp\u00e9cifiques. Les am\u00e9liorations en mati\u00e8re de performance garantissent une r\u00e9activit\u00e9 accrue et une gestion efficace des projets, m\u00eame pour les applications les plus complexes.<\/p>\n<p>Les fonctionnalit\u00e9s de collaboration sont \u00e9galement renforc\u00e9es, avec une int\u00e9gration transparente des outils de gestion de versions et de suivi des t\u00e2ches, facilitant la coordination entre les membres de l&#8217;\u00e9quipe et la gestion des projets. <strong>Visual Studio Pro 2022<\/strong> prend en charge une large gamme de langages de programmation, de frameworks et de technologies, offrant ainsi une flexibilit\u00e9 maximale pour le d\u00e9veloppement d&#8217;applications web, mobiles, cloud et de bureau.<\/p>\n<p>De plus, des outils avanc\u00e9s de d\u00e9bogage et d&#8217;analyse permettent aux d\u00e9veloppeurs d&#8217;identifier et de r\u00e9soudre les probl\u00e8mes plus rapidement, am\u00e9liorant ainsi la qualit\u00e9 et la performance des applications. Avec des fonctionnalit\u00e9s de test et de d\u00e9ploiement int\u00e9gr\u00e9es, <strong>Visual Studio Pro 2022<\/strong> simplifie \u00e9galement le cycle de vie des applications, rendant le d\u00e9ploiement et la mise \u00e0 jour plus efficaces.<\/p>\n<p>En r\u00e9sum\u00e9, <strong>Visual Studio Pro 2022<\/strong> est un choix incontournable pour les professionnels du d\u00e9veloppement logiciel qui cherchent \u00e0 maximiser leur productivit\u00e9, \u00e0 collaborer efficacement et \u00e0 cr\u00e9er des applications de haute qualit\u00e9.<\/p>\n","protected":false},"excerpt":{"rendered":"<p><strong>Visual Studio Pro 2022<\/strong> est un environnement de d\u00e9veloppement int\u00e9gr\u00e9 (IDE) puissant et polyvalent qui offre des outils avanc\u00e9s pour le d\u00e9veloppement de logiciels. Con\u00e7u pour les professionnels, il propose une interface moderne, des fonctionnalit\u00e9s de collaboration am\u00e9lior\u00e9es, et une prise en charge \u00e9tendue des langages de programmation et des frameworks. Avec Visual Studio Pro 2022, les d\u00e9veloppeurs peuvent coder plus efficacement, d\u00e9boguer avec pr\u00e9cision et d\u00e9ployer des applications robustes sur diverses plateformes.<\/p>\n","protected":false},"featured_media":17119,"comment_status":"open","ping_status":"closed","template":"","meta":{"jetpack_publicize_message":"","jetpack_publicize_feature_enabled":true,"jetpack_social_post_already_shared":false,"jetpack_social_options":{"image_generator_settings":{"template":"highway","default_image_id":0,"font":"","enabled":false},"version":2}},"product_brand":[],"product_cat":[397,396],"product_tag":[],"class_list":{"0":"post-17117","1":"product","2":"type-product","3":"status-publish","4":"has-post-thumbnail","6":"product_cat-ide","7":"product_cat-software","8":"product_shipping_class-numerique","10":"first","11":"instock","12":"downloadable","13":"virtual","14":"taxable","15":"purchasable","16":"product-type-simple"},"jetpack_publicize_connections":[],"jetpack_sharing_enabled":true,"_links":{"self":[{"href":"https:\/\/www.sidl-corporation.fr\/en\/wp-json\/wp\/v2\/product\/17117","targetHints":{"allow":["GET"]}}],"collection":[{"href":"https:\/\/www.sidl-corporation.fr\/en\/wp-json\/wp\/v2\/product"}],"about":[{"href":"https:\/\/www.sidl-corporation.fr\/en\/wp-json\/wp\/v2\/types\/product"}],"replies":[{"embeddable":true,"href":"https:\/\/www.sidl-corporation.fr\/en\/wp-json\/wp\/v2\/comments?post=17117"}],"version-history":[{"count":5,"href":"https:\/\/www.sidl-corporation.fr\/en\/wp-json\/wp\/v2\/product\/17117\/revisions"}],"predecessor-version":[{"id":17126,"href":"https:\/\/www.sidl-corporation.fr\/en\/wp-json\/wp\/v2\/product\/17117\/revisions\/17126"}],"wp:featuredmedia":[{"embeddable":true,"href":"https:\/\/www.sidl-corporation.fr\/en\/wp-json\/wp\/v2\/media\/17119"}],"wp:attachment":[{"href":"https:\/\/www.sidl-corporation.fr\/en\/wp-json\/wp\/v2\/media?parent=17117"}],"wp:term":[{"taxonomy":"product_brand","embeddable":true,"href":"https:\/\/www.sidl-corporation.fr\/en\/wp-json\/wp\/v2\/product_brand?post=17117"},{"taxonomy":"product_cat","embeddable":true,"href":"https:\/\/www.sidl-corporation.fr\/en\/wp-json\/wp\/v2\/product_cat?post=17117"},{"taxonomy":"product_tag","embeddable":true,"href":"https:\/\/www.sidl-corporation.fr\/en\/wp-json\/wp\/v2\/product_tag?post=17117"}],"curies":[{"name":"wp","href":"https:\/\/api.w.org\/{rel}","templated":true}]}}