{"id":19126,"date":"2024-09-24T10:33:01","date_gmt":"2024-09-24T10:33:01","guid":{"rendered":"https:\/\/www.sidl-corporation.fr\/?post_type=product&#038;p=19126"},"modified":"2025-09-07T13:13:03","modified_gmt":"2025-09-07T12:13:03","slug":"crucial-p3-ssd-1-to","status":"publish","type":"product","link":"https:\/\/www.sidl-corporation.fr\/en\/shop\/composant\/disk-ssd\/crucial-p3-ssd-1-to","title":{"rendered":"Crucial P3 &#8211; SSD &#8211; 1 To"},"content":{"rendered":"<div id=\"ccs-inline-content\">\n<div id=\"inline-87990f\" class=\"ccs-cc-inline ccs-cc-inline-m93 ccs-cc-lang-frfra ccs-cc-block-inline\">\n<div class=\"ccs-cc-inline-section ccs-cc-inline-features\" data-elementid=\"inline-content-features[m93]\" data-context=\"{&quot;mobile&quot;:false}\" data-ccs-cc-inline-jumplink=\"Points cl\u00e9s\" data-display-mode=\"noheader\">\n<div class=\"ccs-cc-inline-features-block ccs-cc-inline-multicolumn\" data-count=\"4\" data-media=\"true\">\n<div class=\"ccs-cc-inline-feature\">\n<div class=\"ccs-cc-inline-feature-content ccs-cc-inline-thumbnail\" data-order=\"2\"><b>La performance \u00e0 un prix abordable\u00a0<\/b><\/div>\n<div class=\"ccs-cc-inline-feature-content ccs-cc-inline-feature-description\" data-order=\"0\">\n<ul>\n<li>Temps de chargement et transferts de donn\u00e9es plus rapides<\/li>\n<li>6x plus rapide que les disques SATA<sup>1 <\/sup><\/li>\n<li>22x plus rapide que les disques durs<sup>1<\/sup><\/li>\n<\/ul>\n<\/div>\n<div class=\"ccs-cc-inline-feature-content ccs-cc-inline-feature-description\" data-order=\"1\">\n<div><b>Un stockage g\u00e9n\u00e9reux<\/b><\/div>\n<ul>\n<li>Capacit\u00e9s jusqu\u2019\u00e0 4 To<sup>2<\/sup><\/li>\n<li>peut accueillir d\u2019innombrables fichiers, documents, photos, vid\u00e9os, jeux et applications.<\/li>\n<\/ul>\n<\/div>\n<div class=\"ccs-cc-inline-feature-content ccs-cc-inline-feature-description\" data-order=\"2\">\n<div><b>Une innovation de qualit\u00e9\u00a0<\/b><\/div>\n<ul>\n<li>con\u00e7us avec la technologie NAND 3D avanc\u00e9e de Micron<sup>\u00ae <\/sup><\/li>\n<li>sont test\u00e9s et valid\u00e9s selon les normes rigoureuses que vous \u00eates en droit d\u2019attendre de l\u2019un des plus grands fabricants de m\u00e9moire flash au monde<\/li>\n<\/ul>\n<\/div>\n<div class=\"ccs-cc-inline-feature-content ccs-cc-inline-feature-description\" data-order=\"3\">\n<div><b>Une s\u00e9curit\u00e9 optimis\u00e9e\u00a0<\/b><\/div>\n<ul>\n<li>Avec le logiciel de gestion SSD pour l\u2019optimisation des performances et les mises \u00e0 jour du firmware<\/li>\n<li>Technologie SMART (Self-Monitoring and Reporting Technology)<\/li>\n<\/ul>\n<\/div>\n<\/div>\n<\/div>\n<\/div>\n<\/div>\n<\/div>\n<div id=\"ccs-ksp-features\">\n<div class=\"ccs-ds-textFeatures\">\n<h3>Des performances abordables<\/h3>\n<p>Mettez \u00e0 niveau votre PC avec les performances dont il a besoin \u00e0 un prix qui vous convient. Le SSD Crucial P3 \/ Crucial P3 Plus NVMe offre des temps de chargement et des transferts de donn\u00e9es 6 fois plus rapides que les disques SATA et 22 fois plus rapides que les disques durs.<\/p>\n<h3>Stockage g\u00e9n\u00e9reux<\/h3>\n<p>Avec des capacit\u00e9s g\u00e9n\u00e9reuses, le Crucial P3 \/ Crucial P3 Plus peut contenir des quantit\u00e9s massives de fichiers, de documents, de photos, de vid\u00e9os, de jeux et d&#8217;applications, avec de l&#8217;espace en r\u00e9serve.<\/p>\n<h3>Innovation de haute qualit\u00e9<\/h3>\n<p>Les disques SSD NVMe Crucial P3 \/ Crucial P3 Plus sont construits avec la technologie Micron Advanced 3D NAND de haute qualit\u00e9, test\u00e9e et valid\u00e9e selon les normes rigoureuses que vous \u00eates en droit d&#8217;attendre de l&#8217;un des plus grands fabricants de m\u00e9moire flash au monde.<\/p>\n<\/div>\n<\/div>\n","protected":false},"excerpt":{"rendered":"<p>La performance \u00e0 un prix abordable\u00a0 Temps de chargement et transferts de donn\u00e9es plus rapides 6x plus rapide que les<\/p>\n","protected":false},"featured_media":19143,"comment_status":"open","ping_status":"closed","template":"","meta":{"jetpack_publicize_message":"","jetpack_publicize_feature_enabled":true,"jetpack_social_post_already_shared":false,"jetpack_social_options":{"image_generator_settings":{"template":"highway","default_image_id":0,"font":"","enabled":false},"version":2}},"product_brand":[],"product_cat":[407,406],"product_tag":[],"class_list":{"0":"post-19126","1":"product","2":"type-product","3":"status-publish","4":"has-post-thumbnail","6":"product_cat-disk-ssd","7":"product_cat-composant","8":"product_shipping_class-leger","10":"first","11":"onbackorder","12":"taxable","13":"shipping-taxable","14":"purchasable","15":"product-type-variable"},"jetpack_publicize_connections":[],"jetpack_sharing_enabled":true,"_links":{"self":[{"href":"https:\/\/www.sidl-corporation.fr\/en\/wp-json\/wp\/v2\/product\/19126","targetHints":{"allow":["GET"]}}],"collection":[{"href":"https:\/\/www.sidl-corporation.fr\/en\/wp-json\/wp\/v2\/product"}],"about":[{"href":"https:\/\/www.sidl-corporation.fr\/en\/wp-json\/wp\/v2\/types\/product"}],"replies":[{"embeddable":true,"href":"https:\/\/www.sidl-corporation.fr\/en\/wp-json\/wp\/v2\/comments?post=19126"}],"version-history":[{"count":4,"href":"https:\/\/www.sidl-corporation.fr\/en\/wp-json\/wp\/v2\/product\/19126\/revisions"}],"predecessor-version":[{"id":19142,"href":"https:\/\/www.sidl-corporation.fr\/en\/wp-json\/wp\/v2\/product\/19126\/revisions\/19142"}],"wp:featuredmedia":[{"embeddable":true,"href":"https:\/\/www.sidl-corporation.fr\/en\/wp-json\/wp\/v2\/media\/19143"}],"wp:attachment":[{"href":"https:\/\/www.sidl-corporation.fr\/en\/wp-json\/wp\/v2\/media?parent=19126"}],"wp:term":[{"taxonomy":"product_brand","embeddable":true,"href":"https:\/\/www.sidl-corporation.fr\/en\/wp-json\/wp\/v2\/product_brand?post=19126"},{"taxonomy":"product_cat","embeddable":true,"href":"https:\/\/www.sidl-corporation.fr\/en\/wp-json\/wp\/v2\/product_cat?post=19126"},{"taxonomy":"product_tag","embeddable":true,"href":"https:\/\/www.sidl-corporation.fr\/en\/wp-json\/wp\/v2\/product_tag?post=19126"}],"curies":[{"name":"wp","href":"https:\/\/api.w.org\/{rel}","templated":true}]}}