{"id":19893,"date":"2024-12-09T15:08:26","date_gmt":"2024-12-09T14:08:26","guid":{"rendered":"https:\/\/www.sidl-corporation.fr\/?post_type=product&#038;p=19893"},"modified":"2025-07-27T15:48:45","modified_gmt":"2025-07-27T14:48:45","slug":"thinksystem-st550","status":"publish","type":"product","link":"https:\/\/www.sidl-corporation.fr\/en\/shop\/network-server\/server-computer\/thinksystem-st550","title":{"rendered":"ThinkSystem ST550"},"content":{"rendered":"<div class=\"logo\"><a href=\"https:\/\/www.ldlc.com\/lenovo\/bint000033945\/\" rel=\"nofollow noopener\" target=\"_blank\"><img data-recalc-dims=\"1\" decoding=\"async\" class=\"aligncenter\" src=\"https:\/\/i0.wp.com\/media.ldlc.com\/v3\/marque\/bo\/00\/03\/12\/03\/V30003120395_2.jpg?ssl=1\" alt=\"Lenovo\" title=\"\"><\/a><\/div>\n<div id=\"description\" class=\"description\">\n<div class=\"details-pdt-desc\">\n<h2 class=\"h2-master\">Faites faire un bond en avant \u00e0 votre entreprise !<\/h2>\n<section>Quels que soient vos besoins, vous pourrez compter sur le serveur Lenovo ThinkSystem ST550. Polyvalent et \u00e9volutif, il dispose d&#8217;une conception optimis\u00e9e afin de r\u00e9pondre \u00e0 pratiquement toutes les applications. Profitez de toutes les derni\u00e8res technologies de processeur et de m\u00e9moire ainsi que des lecteurs NVMe. Disposant d&#8217;un faible niveau sonore et d&#8217;un format compact, le ST550 sera la solution id\u00e9ale pour un bureau ou un centre informatique.<\/section>\n<\/div>\n<\/div>\n<div id=\"description\" class=\"description\">\n<div class=\"details-pdt-desc\">\n<section>\n<div><\/div>\n<div class=\"desc-image\"><img data-recalc-dims=\"1\" loading=\"lazy\" decoding=\"async\" class=\"alignleft\" src=\"https:\/\/i0.wp.com\/media.ldlc.com\/bo\/images\/fiches\/Serveur\/lenovo\/ST550\/801.jpg?resize=225%2C141&#038;ssl=1\" alt=\"by\" width=\"225\" height=\"141\" title=\"\"><\/div>\n<div class=\"desc-text\">\n<h2 style=\"text-align: left;\"><span style=\"vertical-align: inherit;\"><span style=\"vertical-align: inherit;\">Flexible et compact<\/span><\/span><\/h2>\n<p style=\"text-align: left;\">Le Lenovo ThinkSystem ST550 est le serveur parfait pour les entreprises. Ce serveur tour 4U est \u00e9volutif et fournira les performances et la fiabilit\u00e9 que l&#8217;on est en droit d&#8217;attendre d&#8217;un centre informatique. Son format tour le rend particuli\u00e8rement compact et de ce fait adapt\u00e9 \u00e0 l&#8217;utilisation en bureau o\u00f9 il se fera particuli\u00e8rement discret avec son fonctionnement silencieux.<\/p>\n<\/div>\n<h2 style=\"text-align: left;\">Caract\u00e9ristiques :<\/h2>\n<ul>\n<li>Serveur Tour 4U<\/li>\n<li><strong>Processeur Intel Xeon Silver 4208\u00a0<\/strong>(Octo-Core 2.1 GHz \/ 3.2 GHz Turbo &#8211; 16 Threads &#8211; Cache 11 Mo) + emplacement pour second processeur disponible<\/li>\n<li>16 Go de m\u00e9moire\u00a0<strong>DDR4<\/strong>\u00a0(1x 16Go 2666 MHz &#8211; 12 slots DIMM\u00a0&#8211; maximum 1.5 To)<\/li>\n<li>En standard : 8\u00a0emplacements pour HDD\/SSD SAS\/SATA de 2.5 pouces<\/li>\n<li><strong><span style=\"vertical-align: inherit;\"><span style=\"vertical-align: inherit;\">Contr\u00f4leur RAID ThinkSystem RAID 930-8i (2 Go Flash PCIe 12 Go)<\/span><\/span><\/strong><\/li>\n<li>Outil de gestion\u00a0<strong>Lenovo XClarity<\/strong><\/li>\n<li><strong>Port RJ-45 1000 Mbps (pas de support 10\/100 Mbps)<\/strong><\/li>\n<li>Alimentation 750W + emplacement pour 2e alimentation, pour une alimentation redondante<\/li>\n<li><span style=\"vertical-align: inherit;\"><span style=\"vertical-align: inherit;\">Compatible avec Microsoft Windows Server, Red Hat Enterprise Linux, SUSE Linux Enterprise Server, VMware vSphere<\/span><\/span><\/li>\n<li>Garantie constructeur 3 ans sur site (J+1)<\/li>\n<\/ul>\n<\/section>\n<\/div>\n<\/div>\n","protected":false},"excerpt":{"rendered":"<p><span style=\"vertical-align: inherit;\"><span style=\"vertical-align: inherit;\">Serveur Lenovo Tour ST550 Xeon Silver 4208 (8 c\u0153urs 2,1 GHz, 11 Mo de cache\/85 W), 32 Go 2\u00a0933 MHz (1 x 32 Go, 2 Rx4 RDIMM), O\/B, 930-8i, 1 x 750 W Titanium, XCC Enterprise, sans DVD<\/span><\/span><\/p>\n","protected":false},"featured_media":19895,"comment_status":"open","ping_status":"closed","template":"","meta":{"jetpack_publicize_message":"ThinkSystem ST50 V2 (Copie)","jetpack_publicize_feature_enabled":true,"jetpack_social_post_already_shared":true,"jetpack_social_options":{"image_generator_settings":{"template":"highway","default_image_id":0,"font":"","enabled":false},"version":2}},"product_brand":[],"product_cat":[449,448],"product_tag":[],"class_list":{"0":"post-19893","1":"product","2":"type-product","3":"status-publish","4":"has-post-thumbnail","6":"product_cat-server-computer","7":"product_cat-network-server","8":"product_shipping_class-lourd","10":"first","11":"onbackorder","12":"taxable","13":"shipping-taxable","14":"purchasable","15":"product-type-simple"},"jetpack_publicize_connections":[],"jetpack_sharing_enabled":true,"_links":{"self":[{"href":"https:\/\/www.sidl-corporation.fr\/en\/wp-json\/wp\/v2\/product\/19893","targetHints":{"allow":["GET"]}}],"collection":[{"href":"https:\/\/www.sidl-corporation.fr\/en\/wp-json\/wp\/v2\/product"}],"about":[{"href":"https:\/\/www.sidl-corporation.fr\/en\/wp-json\/wp\/v2\/types\/product"}],"replies":[{"embeddable":true,"href":"https:\/\/www.sidl-corporation.fr\/en\/wp-json\/wp\/v2\/comments?post=19893"}],"version-history":[{"count":9,"href":"https:\/\/www.sidl-corporation.fr\/en\/wp-json\/wp\/v2\/product\/19893\/revisions"}],"predecessor-version":[{"id":20831,"href":"https:\/\/www.sidl-corporation.fr\/en\/wp-json\/wp\/v2\/product\/19893\/revisions\/20831"}],"wp:featuredmedia":[{"embeddable":true,"href":"https:\/\/www.sidl-corporation.fr\/en\/wp-json\/wp\/v2\/media\/19895"}],"wp:attachment":[{"href":"https:\/\/www.sidl-corporation.fr\/en\/wp-json\/wp\/v2\/media?parent=19893"}],"wp:term":[{"taxonomy":"product_brand","embeddable":true,"href":"https:\/\/www.sidl-corporation.fr\/en\/wp-json\/wp\/v2\/product_brand?post=19893"},{"taxonomy":"product_cat","embeddable":true,"href":"https:\/\/www.sidl-corporation.fr\/en\/wp-json\/wp\/v2\/product_cat?post=19893"},{"taxonomy":"product_tag","embeddable":true,"href":"https:\/\/www.sidl-corporation.fr\/en\/wp-json\/wp\/v2\/product_tag?post=19893"}],"curies":[{"name":"wp","href":"https:\/\/api.w.org\/{rel}","templated":true}]}}